{"id":528,"date":"2021-10-21T12:51:06","date_gmt":"2021-10-21T10:51:06","guid":{"rendered":"https:\/\/bteam-consulting.fr\/?page_id=528"},"modified":"2021-10-29T10:52:23","modified_gmt":"2021-10-29T08:52:23","slug":"offres-demploi","status":"publish","type":"page","link":"https:\/\/www.bteam-consulting.fr\/?page_id=528","title":{"rendered":"Offres d&#8217;emploi"},"content":{"rendered":"<p>[et_pb_section fb_built=&#8221;1&#8243; _builder_version=&#8221;4.11.1&#8243; _module_preset=&#8221;default&#8221; use_background_color_gradient=&#8221;on&#8221; background_color_gradient_start=&#8221;rgba(0,1,89,0.75)&#8221; background_color_gradient_end=&#8221;rgba(0,0,79,0.7)&#8221; background_color_gradient_overlays_image=&#8221;on&#8221; background_image=&#8221;https:\/\/bteam-consulting.fr\/wp-content\/uploads\/2021\/10\/maxim-hopman-fiXLQXAhCfk-unsplash-1-scaled.jpg&#8221; custom_padding=&#8221;||||false|false&#8221; global_colors_info=&#8221;{}&#8221;][et_pb_row _builder_version=&#8221;4.11.1&#8243; _module_preset=&#8221;default&#8221; global_colors_info=&#8221;{}&#8221;][et_pb_column type=&#8221;4_4&#8243; _builder_version=&#8221;4.11.1&#8243; _module_preset=&#8221;default&#8221; global_colors_info=&#8221;{}&#8221;][et_pb_text _builder_version=&#8221;4.11.1&#8243; _module_preset=&#8221;default&#8221; text_font=&#8221;Raleway|300|||||||&#8221; text_text_color=&#8221;#FFFFFF&#8221; text_font_size=&#8221;3vw&#8221; text_orientation=&#8221;center&#8221; text_text_shadow_style=&#8221;preset1&#8243; global_colors_info=&#8221;{}&#8221;]<\/p>\n<p>&nbsp;<\/p>\n<p>Offres d&#8217;emploi<\/p>\n<p>[\/et_pb_text][\/et_pb_column][\/et_pb_row][\/et_pb_section][et_pb_section fb_built=&#8221;1&#8243; _builder_version=&#8221;4.11.1&#8243; _module_preset=&#8221;default&#8221; global_colors_info=&#8221;{}&#8221;][et_pb_row column_structure=&#8221;1_2,1_2&#8243; _builder_version=&#8221;4.11.1&#8243; _module_preset=&#8221;default&#8221; global_colors_info=&#8221;{}&#8221;][et_pb_column type=&#8221;1_2&#8243; _builder_version=&#8221;4.11.1&#8243; _module_preset=&#8221;default&#8221; global_colors_info=&#8221;{}&#8221;][et_pb_blurb title=&#8221;Consultant finance &#8221; image=&#8221;https:\/\/bteam-consulting.fr\/wp-content\/uploads\/2021\/10\/Consultant-Finance-Pictures-_-Download-Free-Images-on-Unsplash-Google-Chrome-21_10_2021-14_53_15.png&#8221; content_max_width=&#8221;50vh&#8221; _builder_version=&#8221;4.11.4&#8243; _dynamic_attributes=&#8221;link_option_url&#8221; _module_preset=&#8221;default&#8221; header_level=&#8221;h3&#8243; header_font=&#8221;Raleway|300|||||||&#8221; header_text_align=&#8221;center&#8221; header_text_color=&#8221;#FFFFFF&#8221; header_font_size=&#8221;2vw&#8221; body_font=&#8221;Raleway|300|||||||&#8221; body_text_align=&#8221;center&#8221; body_font_size=&#8221;1vw&#8221; transform_scale=&#8221;114%|114%&#8221; text_orientation=&#8221;center&#8221; background_layout=&#8221;dark&#8221; width=&#8221;70%&#8221; max_width=&#8221;100%&#8221; module_alignment=&#8221;center&#8221; custom_margin=&#8221;||||false|false&#8221; custom_padding=&#8221;||1vw||false|true&#8221; link_option_url=&#8221;@ET-DC@eyJkeW5hbWljIjp0cnVlLCJjb250ZW50IjoicG9zdF9saW5rX3VybF9wYWdlIiwic2V0dGluZ3MiOnsicG9zdF9pZCI6IjU4NyJ9fQ==@&#8221; hover_enabled=&#8221;0&#8243; header_text_shadow_style=&#8221;preset4&#8243; border_color_all_image=&#8221;#000000&#8243; box_shadow_style=&#8221;preset2&#8243; global_colors_info=&#8221;{}&#8221; transform_styles__hover_enabled=&#8221;on|hover&#8221; transform_scale__hover_enabled=&#8221;on|hover&#8221; transform_translate__hover_enabled=&#8221;on|desktop&#8221; transform_rotate__hover_enabled=&#8221;on|desktop&#8221; transform_skew__hover_enabled=&#8221;on|desktop&#8221; transform_origin__hover_enabled=&#8221;on|desktop&#8221; filter_saturate__hover_enabled=&#8221;on|hover&#8221; filter_brightness__hover_enabled=&#8221;on|hover&#8221; filter_brightness__hover=&#8221;100%&#8221; filter_saturate__hover=&#8221;&#8221; transform_scale__hover=&#8221;119%|119%&#8221; background_enable_color=&#8221;off&#8221; use_background_color_gradient=&#8221;on&#8221; background_color_gradient_start=&#8221;#020a60&#8243; background_color_gradient_end=&#8221;rgba(0,0,76,0.78)&#8221; sticky_enabled=&#8221;0&#8243;]<\/p>\n<p>Rejoignez nos \u00e9quipes en tant que consultant finance et accompagn\u00e9 nos diff\u00e9rents clients sur leurs futurs projets<\/p>\n<p>[\/et_pb_blurb][\/et_pb_column][et_pb_column type=&#8221;1_2&#8243; _builder_version=&#8221;4.11.1&#8243; _module_preset=&#8221;default&#8221; global_colors_info=&#8221;{}&#8221;][et_pb_blurb title=&#8221;Consultant Risque&#8221; image=&#8221;https:\/\/bteam-consulting.fr\/wp-content\/uploads\/2021\/10\/Consultant-Finance-Pictures-_-Download-Free-Images-on-Unsplash-Google-Chrome-21_10_2021-15_21_53.png&#8221; content_max_width=&#8221;50vh&#8221; _builder_version=&#8221;4.11.4&#8243; _dynamic_attributes=&#8221;link_option_url&#8221; _module_preset=&#8221;default&#8221; header_level=&#8221;h3&#8243; header_font=&#8221;Raleway|300|||||||&#8221; header_text_align=&#8221;center&#8221; header_text_color=&#8221;#FFFFFF&#8221; header_font_size=&#8221;2vw&#8221; body_font=&#8221;Raleway|300|||||||&#8221; body_text_align=&#8221;center&#8221; body_font_size=&#8221;1vw&#8221; transform_scale=&#8221;114%|114%&#8221; text_orientation=&#8221;center&#8221; background_layout=&#8221;dark&#8221; width=&#8221;70%&#8221; max_width=&#8221;100%&#8221; module_alignment=&#8221;center&#8221; custom_margin=&#8221;||||false|false&#8221; custom_padding=&#8221;||1vw||false|true&#8221; link_option_url=&#8221;@ET-DC@eyJkeW5hbWljIjp0cnVlLCJjb250ZW50IjoicG9zdF9saW5rX3VybF9wYWdlIiwic2V0dGluZ3MiOnsicG9zdF9pZCI6IjYwMyJ9fQ==@&#8221; hover_enabled=&#8221;0&#8243; header_text_shadow_style=&#8221;preset4&#8243; border_color_all_image=&#8221;#000000&#8243; box_shadow_style=&#8221;preset2&#8243; global_colors_info=&#8221;{}&#8221; transform_styles__hover_enabled=&#8221;on|hover&#8221; transform_scale__hover_enabled=&#8221;on|hover&#8221; transform_translate__hover_enabled=&#8221;on|desktop&#8221; transform_rotate__hover_enabled=&#8221;on|desktop&#8221; transform_skew__hover_enabled=&#8221;on|desktop&#8221; transform_origin__hover_enabled=&#8221;on|desktop&#8221; transform_scale__hover=&#8221;119%|119%&#8221; background_enable_color=&#8221;off&#8221; use_background_color_gradient=&#8221;on&#8221; background_color_gradient_start=&#8221;#ef004f&#8221; background_color_gradient_end=&#8221;#ef4c83&#8243; sticky_enabled=&#8221;0&#8243;]<\/p>\n<p>Rejoignez nos \u00e9quipes en tant que consultant risque et accompagn\u00e9 nos clients sur leurs multiples probl\u00e9matiques<\/p>\n<p>[\/et_pb_blurb][\/et_pb_column][\/et_pb_row][\/et_pb_section]<\/p>\n","protected":false},"excerpt":{"rendered":"<p>&nbsp; Offres d&#8217;emploiRejoignez nos \u00e9quipes en tant que consultant finance et accompagn\u00e9 nos diff\u00e9rents clients sur leurs futurs projetsRejoignez nos \u00e9quipes en tant que consultant risque et accompagn\u00e9 nos clients sur leurs multiples probl\u00e9matiques<\/p>\n","protected":false},"author":1,"featured_media":0,"parent":0,"menu_order":0,"comment_status":"closed","ping_status":"closed","template":"","meta":{"_et_pb_use_builder":"on","_et_pb_old_content":"","_et_gb_content_width":"","footnotes":""},"class_list":["post-528","page","type-page","status-publish","hentry"],"yoast_head":"<!-- This site is optimized with the Yoast SEO plugin v27.3 - https:\/\/yoast.com\/product\/yoast-seo-wordpress\/ -->\n<title>Offres d&#039;emploi - BTEAM Consulting<\/title>\n<meta name=\"robots\" content=\"index, follow, max-snippet:-1, max-image-preview:large, max-video-preview:-1\" \/>\n<link rel=\"canonical\" href=\"https:\/\/www.bteam-consulting.fr\/?page_id=528\" \/>\n<meta property=\"og:locale\" content=\"fr_FR\" \/>\n<meta property=\"og:type\" content=\"article\" \/>\n<meta property=\"og:title\" content=\"Offres d&#039;emploi - BTEAM Consulting\" \/>\n<meta property=\"og:description\" content=\"&nbsp; Offres d&#039;emploiRejoignez nos \u00e9quipes en tant que consultant finance et accompagn\u00e9 nos diff\u00e9rents clients sur leurs futurs projetsRejoignez nos \u00e9quipes en tant que consultant risque et accompagn\u00e9 nos clients sur leurs multiples probl\u00e9matiques\" \/>\n<meta property=\"og:url\" content=\"https:\/\/www.bteam-consulting.fr\/?page_id=528\" \/>\n<meta property=\"og:site_name\" content=\"BTEAM Consulting\" \/>\n<meta property=\"article:modified_time\" content=\"2021-10-29T08:52:23+00:00\" \/>\n<meta name=\"twitter:card\" content=\"summary_large_image\" \/>\n<meta name=\"twitter:label1\" content=\"Dur\u00e9e de lecture estim\u00e9e\" \/>\n\t<meta name=\"twitter:data1\" content=\"3 minutes\" \/>\n<script type=\"application\/ld+json\" class=\"yoast-schema-graph\">{\"@context\":\"https:\\\/\\\/schema.org\",\"@graph\":[{\"@type\":\"WebPage\",\"@id\":\"https:\\\/\\\/www.bteam-consulting.fr\\\/?page_id=528\",\"url\":\"https:\\\/\\\/www.bteam-consulting.fr\\\/?page_id=528\",\"name\":\"Offres d'emploi - BTEAM Consulting\",\"isPartOf\":{\"@id\":\"https:\\\/\\\/www.bteam-consulting.fr\\\/#website\"},\"datePublished\":\"2021-10-21T10:51:06+00:00\",\"dateModified\":\"2021-10-29T08:52:23+00:00\",\"breadcrumb\":{\"@id\":\"https:\\\/\\\/www.bteam-consulting.fr\\\/?page_id=528#breadcrumb\"},\"inLanguage\":\"fr-FR\",\"potentialAction\":[{\"@type\":\"ReadAction\",\"target\":[\"https:\\\/\\\/www.bteam-consulting.fr\\\/?page_id=528\"]}]},{\"@type\":\"BreadcrumbList\",\"@id\":\"https:\\\/\\\/www.bteam-consulting.fr\\\/?page_id=528#breadcrumb\",\"itemListElement\":[{\"@type\":\"ListItem\",\"position\":1,\"name\":\"Accueil\",\"item\":\"https:\\\/\\\/www.bteam-consulting.fr\\\/\"},{\"@type\":\"ListItem\",\"position\":2,\"name\":\"Offres d&#8217;emploi\"}]},{\"@type\":\"WebSite\",\"@id\":\"https:\\\/\\\/www.bteam-consulting.fr\\\/#website\",\"url\":\"https:\\\/\\\/www.bteam-consulting.fr\\\/\",\"name\":\"BTEAM Consulting\",\"description\":\"Cabinet de conseil en finance de march\u00e9\",\"publisher\":{\"@id\":\"https:\\\/\\\/www.bteam-consulting.fr\\\/#organization\"},\"potentialAction\":[{\"@type\":\"SearchAction\",\"target\":{\"@type\":\"EntryPoint\",\"urlTemplate\":\"https:\\\/\\\/www.bteam-consulting.fr\\\/?s={search_term_string}\"},\"query-input\":{\"@type\":\"PropertyValueSpecification\",\"valueRequired\":true,\"valueName\":\"search_term_string\"}}],\"inLanguage\":\"fr-FR\"},{\"@type\":\"Organization\",\"@id\":\"https:\\\/\\\/www.bteam-consulting.fr\\\/#organization\",\"name\":\"BTEAM Consulting\",\"url\":\"https:\\\/\\\/www.bteam-consulting.fr\\\/\",\"logo\":{\"@type\":\"ImageObject\",\"inLanguage\":\"fr-FR\",\"@id\":\"https:\\\/\\\/www.bteam-consulting.fr\\\/#\\\/schema\\\/logo\\\/image\\\/\",\"url\":\"https:\\\/\\\/www.bteam-consulting.fr\\\/wp-content\\\/uploads\\\/2021\\\/10\\\/bteam-logo-1.png\",\"contentUrl\":\"https:\\\/\\\/www.bteam-consulting.fr\\\/wp-content\\\/uploads\\\/2021\\\/10\\\/bteam-logo-1.png\",\"width\":224,\"height\":194,\"caption\":\"BTEAM Consulting\"},\"image\":{\"@id\":\"https:\\\/\\\/www.bteam-consulting.fr\\\/#\\\/schema\\\/logo\\\/image\\\/\"},\"sameAs\":[\"https:\\\/\\\/fr.linkedin.com\\\/company\\\/bteam-consulting\"]}]}<\/script>\n<!-- \/ Yoast SEO plugin. -->","yoast_head_json":{"title":"Offres d'emploi - BTEAM Consulting","robots":{"index":"index","follow":"follow","max-snippet":"max-snippet:-1","max-image-preview":"max-image-preview:large","max-video-preview":"max-video-preview:-1"},"canonical":"https:\/\/www.bteam-consulting.fr\/?page_id=528","og_locale":"fr_FR","og_type":"article","og_title":"Offres d'emploi - BTEAM Consulting","og_description":"&nbsp; Offres d'emploiRejoignez nos \u00e9quipes en tant que consultant finance et accompagn\u00e9 nos diff\u00e9rents clients sur leurs futurs projetsRejoignez nos \u00e9quipes en tant que consultant risque et accompagn\u00e9 nos clients sur leurs multiples probl\u00e9matiques","og_url":"https:\/\/www.bteam-consulting.fr\/?page_id=528","og_site_name":"BTEAM Consulting","article_modified_time":"2021-10-29T08:52:23+00:00","twitter_card":"summary_large_image","twitter_misc":{"Dur\u00e9e de lecture estim\u00e9e":"3 minutes"},"schema":{"@context":"https:\/\/schema.org","@graph":[{"@type":"WebPage","@id":"https:\/\/www.bteam-consulting.fr\/?page_id=528","url":"https:\/\/www.bteam-consulting.fr\/?page_id=528","name":"Offres d'emploi - BTEAM Consulting","isPartOf":{"@id":"https:\/\/www.bteam-consulting.fr\/#website"},"datePublished":"2021-10-21T10:51:06+00:00","dateModified":"2021-10-29T08:52:23+00:00","breadcrumb":{"@id":"https:\/\/www.bteam-consulting.fr\/?page_id=528#breadcrumb"},"inLanguage":"fr-FR","potentialAction":[{"@type":"ReadAction","target":["https:\/\/www.bteam-consulting.fr\/?page_id=528"]}]},{"@type":"BreadcrumbList","@id":"https:\/\/www.bteam-consulting.fr\/?page_id=528#breadcrumb","itemListElement":[{"@type":"ListItem","position":1,"name":"Accueil","item":"https:\/\/www.bteam-consulting.fr\/"},{"@type":"ListItem","position":2,"name":"Offres d&#8217;emploi"}]},{"@type":"WebSite","@id":"https:\/\/www.bteam-consulting.fr\/#website","url":"https:\/\/www.bteam-consulting.fr\/","name":"BTEAM Consulting","description":"Cabinet de conseil en finance de march\u00e9","publisher":{"@id":"https:\/\/www.bteam-consulting.fr\/#organization"},"potentialAction":[{"@type":"SearchAction","target":{"@type":"EntryPoint","urlTemplate":"https:\/\/www.bteam-consulting.fr\/?s={search_term_string}"},"query-input":{"@type":"PropertyValueSpecification","valueRequired":true,"valueName":"search_term_string"}}],"inLanguage":"fr-FR"},{"@type":"Organization","@id":"https:\/\/www.bteam-consulting.fr\/#organization","name":"BTEAM Consulting","url":"https:\/\/www.bteam-consulting.fr\/","logo":{"@type":"ImageObject","inLanguage":"fr-FR","@id":"https:\/\/www.bteam-consulting.fr\/#\/schema\/logo\/image\/","url":"https:\/\/www.bteam-consulting.fr\/wp-content\/uploads\/2021\/10\/bteam-logo-1.png","contentUrl":"https:\/\/www.bteam-consulting.fr\/wp-content\/uploads\/2021\/10\/bteam-logo-1.png","width":224,"height":194,"caption":"BTEAM Consulting"},"image":{"@id":"https:\/\/www.bteam-consulting.fr\/#\/schema\/logo\/image\/"},"sameAs":["https:\/\/fr.linkedin.com\/company\/bteam-consulting"]}]}},"_links":{"self":[{"href":"https:\/\/www.bteam-consulting.fr\/index.php?rest_route=\/wp\/v2\/pages\/528","targetHints":{"allow":["GET"]}}],"collection":[{"href":"https:\/\/www.bteam-consulting.fr\/index.php?rest_route=\/wp\/v2\/pages"}],"about":[{"href":"https:\/\/www.bteam-consulting.fr\/index.php?rest_route=\/wp\/v2\/types\/page"}],"author":[{"embeddable":true,"href":"https:\/\/www.bteam-consulting.fr\/index.php?rest_route=\/wp\/v2\/users\/1"}],"replies":[{"embeddable":true,"href":"https:\/\/www.bteam-consulting.fr\/index.php?rest_route=%2Fwp%2Fv2%2Fcomments&post=528"}],"version-history":[{"count":13,"href":"https:\/\/www.bteam-consulting.fr\/index.php?rest_route=\/wp\/v2\/pages\/528\/revisions"}],"predecessor-version":[{"id":702,"href":"https:\/\/www.bteam-consulting.fr\/index.php?rest_route=\/wp\/v2\/pages\/528\/revisions\/702"}],"wp:attachment":[{"href":"https:\/\/www.bteam-consulting.fr\/index.php?rest_route=%2Fwp%2Fv2%2Fmedia&parent=528"}],"curies":[{"name":"wp","href":"https:\/\/api.w.org\/{rel}","templated":true}]}}